{"id":14143,"date":"2016-05-19T10:06:18","date_gmt":"2016-05-19T09:06:18","guid":{"rendered":"https:\/\/whalesanddolphins.tethys.org\/it\/join-us\/what-is-citizen-science\/"},"modified":"2021-05-06T13:09:59","modified_gmt":"2021-05-06T11:09:59","slug":"cosa-significa-citizen-science","status":"publish","type":"page","link":"https:\/\/whalesanddolphins.tethys.org\/it\/partecipa\/cosa-significa-citizen-science\/","title":{"rendered":"Cos&#8217;\u00e8 la Citizen Science?"},"content":{"rendered":"<div id='full_slider_1'  class='avia-fullwidth-slider main_color avia-shadow   avia-builder-el-0  el_before_av_section  avia-builder-el-first   container_wrap sidebar_right'  ><div  class='avia-slideshow av-6ti5qqn-83b10e9b499f54158337b05158f12566 avia-slideshow-featured_large av_slideshow_full avia-slide-slider av-slideshow-ui av-control-default av-slideshow-manual av-loop-once av-loop-manual-endless av-default-height-applied   avia-slideshow-1' data-slideshow-options=\"{&quot;animation&quot;:&quot;slide&quot;,&quot;autoplay&quot;:false,&quot;loop_autoplay&quot;:&quot;once&quot;,&quot;interval&quot;:5,&quot;loop_manual&quot;:&quot;manual-endless&quot;,&quot;autoplay_stopper&quot;:false,&quot;noNavigation&quot;:false,&quot;bg_slider&quot;:false,&quot;keep_padding&quot;:false,&quot;hoverpause&quot;:false,&quot;show_slide_delay&quot;:0}\"  itemprop=\"image\" itemscope=\"itemscope\" itemtype=\"https:\/\/schema.org\/ImageObject\" ><ul class='avia-slideshow-inner ' style='padding-bottom: 42%;'><li  class='avia-slideshow-slide av-6ti5qqn-83b10e9b499f54158337b05158f12566__0  av-single-slide slide-1 slide-odd'><div data-rel='slideshow-1' class='avia-slide-wrap '   ><img decoding=\"async\" fetchpriority=\"high\" class=\"wp-image-14144 avia-img-lazy-loading-not-14144\"  src=\"https:\/\/whalesanddolphins.tethys.org\/wp-content\/uploads\/2016\/05\/tethys-citizen-science-slider-1500x630.jpg\" width=\"1500\" height=\"630\" title='tethys-citizen-science-slider' alt=''  itemprop=\"thumbnailUrl\"   \/><\/div><\/li><\/ul><\/div><\/div>\n<div id='av_section_1'  class='avia-section av-5yfg927-e9806dce9964782ebde647aa209d46f3 main_color avia-section-default avia-no-shadow  avia-builder-el-1  el_after_av_slideshow_full  el_before_av_layout_row  avia-bg-style-scroll container_wrap sidebar_right'  ><div class='container av-section-cont-open' ><div class='template-page content  av-content-small alpha units'><div class='post-entry post-entry-type-page post-entry-14143'><div class='entry-content-wrapper clearfix'>\n\n<style type=\"text\/css\" data-created_by=\"avia_inline_auto\" id=\"style-css-av-5c4ncyn-dd16f04adb35417a23d4f340f37ff67a\">\n.flex_column.av-5c4ncyn-dd16f04adb35417a23d4f340f37ff67a{\nborder-radius:0px 0px 0px 0px;\npadding:0px 0px 0px 0px;\n}\n<\/style>\n<div  class='flex_column av-5c4ncyn-dd16f04adb35417a23d4f340f37ff67a av_one_full  avia-builder-el-2  avia-builder-el-no-sibling  first flex_column_div av-zero-column-padding  '     ><style type=\"text\/css\" data-created_by=\"avia_inline_auto\" id=\"style-css-av-4nvy6fz-8d2b714e6d9202c576bf6601c653a79c\">\n#top .av-special-heading.av-4nvy6fz-8d2b714e6d9202c576bf6601c653a79c{\npadding-bottom:10px;\n}\nbody .av-special-heading.av-4nvy6fz-8d2b714e6d9202c576bf6601c653a79c .av-special-heading-tag .heading-char{\nfont-size:25px;\n}\n.av-special-heading.av-4nvy6fz-8d2b714e6d9202c576bf6601c653a79c .av-subheading{\nfont-size:15px;\n}\n<\/style>\n<div  class='av-special-heading av-4nvy6fz-8d2b714e6d9202c576bf6601c653a79c av-special-heading-h1 blockquote modern-quote modern-centered  avia-builder-el-3  avia-builder-el-no-sibling '><h1 class='av-special-heading-tag '  itemprop=\"headline\"  >Citizen science per le balene e i delfini<\/h1><div class='av-subheading av-subheading_below'><p>Chiunque pu\u00f2 contribuire ad assicurare la sopravvivenza dei cetacei. Ed \u00e8 un&#8217;esperienza eccezionale.<\/p>\n<\/div><div class=\"special-heading-border\"><div class=\"special-heading-inner-border\"><\/div><\/div><\/div><\/div>\n\n<\/div><\/div><\/div><!-- close content main div --><\/div><\/div><div id='av-layout-grid-1'  class='av-layout-grid-container av-4befwpr-adeeb7a10d97bea07df9acacda4cca63 entry-content-wrapper main_color av-flex-cells  avia-builder-el-4  el_after_av_section  el_before_av_section  grid-row-not-first  container_wrap sidebar_right'  >\n\n<style type=\"text\/css\" data-created_by=\"avia_inline_auto\" id=\"style-css-av-44ct90f-00272e294cb924fa212a4eb5377ee8bd\">\n.flex_cell.av-44ct90f-00272e294cb924fa212a4eb5377ee8bd{\nvertical-align:top;\n}\n.responsive #top #wrap_all .flex_cell.av-44ct90f-00272e294cb924fa212a4eb5377ee8bd{\npadding:30px 30px 30px 30px !important;\n}\n<\/style>\n<div class='flex_cell av-44ct90f-00272e294cb924fa212a4eb5377ee8bd av-gridrow-cell av_one_third no_margin  avia-builder-el-5  el_before_av_cell_one_third  avia-builder-el-first  content-align-top'  ><div class='flex_cell_inner'>\n<style type=\"text\/css\" data-created_by=\"avia_inline_auto\" id=\"style-css-av-3huv5nj-5604eda1cad15b5f2395a3a439cbe33c\">\n.avia-image-container.av-3huv5nj-5604eda1cad15b5f2395a3a439cbe33c img.avia_image{\nbox-shadow:none;\n}\n.avia-image-container.av-3huv5nj-5604eda1cad15b5f2395a3a439cbe33c .av-image-caption-overlay-center{\ncolor:#ffffff;\n}\n<\/style>\n<div  class='avia-image-container av-3huv5nj-5604eda1cad15b5f2395a3a439cbe33c av-styling- avia-align-center  avia-builder-el-6  avia-builder-el-no-sibling '   itemprop=\"image\" itemscope=\"itemscope\" itemtype=\"https:\/\/schema.org\/ImageObject\" ><div class=\"avia-image-container-inner\"><div class=\"avia-image-overlay-wrap\"><img decoding=\"async\" fetchpriority=\"high\" class='wp-image-14145 avia-img-lazy-loading-not-14145 avia_image ' src=\"https:\/\/whalesanddolphins.tethys.org\/wp-content\/uploads\/2016\/05\/tethys-citizen-science-work-845x684.jpg\" alt='' title='tethys-citizen-science-work'  height=\"684\" width=\"845\"  itemprop=\"thumbnailUrl\" srcset=\"https:\/\/whalesanddolphins.tethys.org\/wp-content\/uploads\/2016\/05\/tethys-citizen-science-work-845x684.jpg 845w, https:\/\/whalesanddolphins.tethys.org\/wp-content\/uploads\/2016\/05\/tethys-citizen-science-work-495x400.jpg 495w\" sizes=\"(max-width: 845px) 100vw, 845px\" \/><\/div><\/div><\/div>\n<\/div><\/div>\n<style type=\"text\/css\" data-created_by=\"avia_inline_auto\" id=\"style-css-av-2tm3tz3-9cdcbe9888033d788416482dbe2facf8\">\n.flex_cell.av-2tm3tz3-9cdcbe9888033d788416482dbe2facf8{\nvertical-align:top;\n}\n.responsive #top #wrap_all .flex_cell.av-2tm3tz3-9cdcbe9888033d788416482dbe2facf8{\npadding:30px 30px 30px 30px !important;\n}\n<\/style>\n<div class='flex_cell av-2tm3tz3-9cdcbe9888033d788416482dbe2facf8 av-gridrow-cell av_one_third no_margin  avia-builder-el-7  el_after_av_cell_one_third  el_before_av_cell_one_third  content-align-top'  ><div class='flex_cell_inner'><section  class='av_textblock_section av-2p7so7z-d95a8c37434e04c2348d0cdc6bd347a6 '   itemscope=\"itemscope\" itemtype=\"https:\/\/schema.org\/CreativeWork\" ><div class='avia_textblock'  itemprop=\"text\" ><p><span style=\"color: #f25425;\">Citizen science<\/span> \u00a0(letteralmente la \u201cscienza fatta dai cittadini\u201d) \u00e8 un nuovo modo di concepire la ricerca che si sta affermando in molti campi: indica la partecipazione di persone non specializzate a uno studio scientifico \u2013 una formula che sta dando risultati importanti in molti settori, dall\u2019astronomia alla biochimica.<\/p>\n<p>Tethys ha scommesso fin dalla sua fondazione proprio sul coinvolgimento del pubblico per la raccolta dati. A differenza, per\u00f2, della maggior parte degli altri progetti di citizen science, questo non richiede di fornire dati autonomamente via internet, bens\u00ec \u00e8 molto pi\u00f9 coinvolgente: consente infatti di partecipare di persona alle ricerche su balene e delfini in mare, fianco a fianco con i ricercatori. Non \u00e8 richiesta alcuna esperienza precedente: i volontari collaborano con un team di esperti a bordo dell\u2019<strong><a href=\"https:\/\/whalesanddolphins.tethys.org\/it\/cetacean-sanctuary-research\/\">imbarcazione da ricerca \u201cPelagos\u201d<\/a><\/strong> oppure presso la <strong><a href=\"https:\/\/whalesanddolphins.tethys.org\/it\/ionian-dolphin-project\/\">base nel villaggio di Vonitsa<\/a><\/strong>, in Grecia, ed hanno l\u2019occasione di vivere un incontro ravvicinato con delfini o balene.<\/p>\n<p>In 35 anni di attivit\u00e0, Tethys ha coinvolto migliaia di volontari non specialisti provenienti da tutto il mondo, che hanno sponsorizzato la ricerca sui mammiferi marini e permesso di ottenere dati di importanza cruciale.<\/p>\n<\/div><\/section>\n<\/div><\/div>\n<style type=\"text\/css\" data-created_by=\"avia_inline_auto\" id=\"style-css-av-1wbsopr-8934aa04e437a3f3f1ac0bfb4e1e08a0\">\n.flex_cell.av-1wbsopr-8934aa04e437a3f3f1ac0bfb4e1e08a0{\nvertical-align:top;\n}\n.responsive #top #wrap_all .flex_cell.av-1wbsopr-8934aa04e437a3f3f1ac0bfb4e1e08a0{\npadding:30px 30px 30px 30px !important;\n}\n<\/style>\n<div class='flex_cell av-1wbsopr-8934aa04e437a3f3f1ac0bfb4e1e08a0 av-gridrow-cell av_one_third no_margin  avia-builder-el-9  el_after_av_cell_one_third  avia-builder-el-last  content-align-top'  ><div class='flex_cell_inner'>\n<style type=\"text\/css\" data-created_by=\"avia_inline_auto\" id=\"style-css-av-1fi29un-4c1aa6924140f1dd4173369561cf2b6c\">\n.avia-image-container.av-1fi29un-4c1aa6924140f1dd4173369561cf2b6c img.avia_image{\nbox-shadow:none;\n}\n.avia-image-container.av-1fi29un-4c1aa6924140f1dd4173369561cf2b6c .av-image-caption-overlay-center{\ncolor:#ffffff;\n}\n<\/style>\n<div  class='avia-image-container av-1fi29un-4c1aa6924140f1dd4173369561cf2b6c av-styling- avia-align-center  avia-builder-el-10  avia-builder-el-no-sibling '   itemprop=\"image\" itemscope=\"itemscope\" itemtype=\"https:\/\/schema.org\/ImageObject\" ><div class=\"avia-image-container-inner\"><div class=\"avia-image-overlay-wrap\"><img decoding=\"async\" fetchpriority=\"high\" class='wp-image-14146 avia-img-lazy-loading-not-14146 avia_image ' src=\"https:\/\/whalesanddolphins.tethys.org\/wp-content\/uploads\/2016\/05\/tethys-citizen-science-bowrid-dolphin-1-845x684.jpg\" alt='barca con fotografo e delfini' title='tethys-citizen-science-bowrid-dolphin'  height=\"684\" width=\"845\"  itemprop=\"thumbnailUrl\" srcset=\"https:\/\/whalesanddolphins.tethys.org\/wp-content\/uploads\/2016\/05\/tethys-citizen-science-bowrid-dolphin-1-845x684.jpg 845w, https:\/\/whalesanddolphins.tethys.org\/wp-content\/uploads\/2016\/05\/tethys-citizen-science-bowrid-dolphin-1-495x400.jpg 495w\" sizes=\"(max-width: 845px) 100vw, 845px\" \/><\/div><\/div><\/div>\n<\/div><\/div><\/div>\n<style type=\"text\/css\" data-created_by=\"avia_inline_auto\" id=\"style-css-av-471z33-f20cb942fad7461bf18fd620f6b5c2f8\">\n.avia-section.av-471z33-f20cb942fad7461bf18fd620f6b5c2f8{\nbackground-color:#0675d9;\nbackground-image:unset;\n}\n<\/style>\n<div id='av_section_2'  class='avia-section av-471z33-f20cb942fad7461bf18fd620f6b5c2f8 main_color avia-section-default avia-no-shadow  avia-builder-el-11  el_after_av_layout_row  avia-builder-el-last  avia-bg-style-scroll av-minimum-height av-minimum-height-25 av-height-25  container_wrap sidebar_right'   data-av_minimum_height_pc='25' data-av_min_height_opt='25'><div class='container av-section-cont-open' ><div class='template-page content  av-content-small alpha units'><div class='post-entry post-entry-type-page post-entry-14143'><div class='entry-content-wrapper clearfix'>\n\n<style type=\"text\/css\" data-created_by=\"avia_inline_auto\" id=\"style-css-av-n299zz-256e90e808294e2adf84cae8ea466856\">\n#top .av-special-heading.av-n299zz-256e90e808294e2adf84cae8ea466856{\npadding-bottom:10px;\ncolor:#ffffff;\n}\nbody .av-special-heading.av-n299zz-256e90e808294e2adf84cae8ea466856 .av-special-heading-tag .heading-char{\nfont-size:25px;\n}\n.av-special-heading.av-n299zz-256e90e808294e2adf84cae8ea466856 .special-heading-inner-border{\nborder-color:#ffffff;\n}\n.av-special-heading.av-n299zz-256e90e808294e2adf84cae8ea466856 .av-subheading{\nfont-size:15px;\n}\n<\/style>\n<div  class='av-special-heading av-n299zz-256e90e808294e2adf84cae8ea466856 av-special-heading-h2 custom-color-heading blockquote modern-quote modern-centered  avia-builder-el-12  avia-builder-el-no-sibling  av-linked-heading'><h2 class='av-special-heading-tag '  itemprop=\"headline\"  ><a href=\"https:\/\/whalesanddolphins.tethys.org\/it\/partecipa\/\">Cosa aspetti? Vieni con noi!<\/a><\/h2><div class=\"special-heading-border\"><div class=\"special-heading-inner-border\"><\/div><\/div><\/div>\n<\/div><\/div><\/div><!-- close content main div --><\/div><\/div><div id='after_section_2'  class='main_color av_default_container_wrap container_wrap sidebar_right'  ><div class='container av-section-cont-open' ><div class='template-page content  av-content-small alpha units'><div class='post-entry post-entry-type-page post-entry-14143'><div class='entry-content-wrapper clearfix'><\/p>\n","protected":false},"excerpt":{"rendered":"","protected":false},"author":5,"featured_media":0,"parent":14135,"menu_order":2,"comment_status":"closed","ping_status":"closed","template":"","meta":{"footnotes":""},"class_list":["post-14143","page","type-page","status-publish","hentry"],"yoast_head":"<!-- This site is optimized with the Yoast SEO plugin v27.3 - https:\/\/yoast.com\/product\/yoast-seo-wordpress\/ -->\n<title>Citizen science cetacei per studiare balene e delfini<\/title>\n<meta name=\"description\" content=\"Chiunque pu\u00f2 contribuire ad assicurare la sopravvivenza dei cetacei. E&#039; un&#039;esperienza eccezionale, in mare. Non occorre esperienza. citizen science cetacei\" \/>\n<meta name=\"robots\" content=\"index, follow, max-snippet:-1, max-image-preview:large, max-video-preview:-1\" \/>\n<link rel=\"canonical\" href=\"https:\/\/whalesanddolphins.tethys.org\/join-us\/what-is-citizen-science\/\" \/>\n<meta property=\"og:locale\" content=\"it_IT\" \/>\n<meta property=\"og:type\" content=\"article\" \/>\n<meta property=\"og:title\" content=\"Citizen science cetacei per studiare balene e delfini\" \/>\n<meta property=\"og:description\" content=\"Chiunque pu\u00f2 contribuire ad assicurare la sopravvivenza dei cetacei. E&#039; un&#039;esperienza eccezionale, in mare. Non occorre esperienza. citizen science cetacei\" \/>\n<meta property=\"og:url\" content=\"https:\/\/whalesanddolphins.tethys.org\/join-us\/what-is-citizen-science\/\" \/>\n<meta property=\"og:site_name\" content=\"Tethys Research Institute\" \/>\n<meta property=\"article:publisher\" content=\"https:\/\/www.facebook.com\/TethysResearchInstitute\/\" \/>\n<meta property=\"article:modified_time\" content=\"2021-05-06T11:09:59+00:00\" \/>\n<meta name=\"twitter:card\" content=\"summary_large_image\" \/>\n<meta name=\"twitter:site\" content=\"@TethysResearch\" \/>\n<meta name=\"twitter:label1\" content=\"Tempo di lettura stimato\" \/>\n\t<meta name=\"twitter:data1\" content=\"4 minuti\" \/>\n<script type=\"application\/ld+json\" class=\"yoast-schema-graph\">{\"@context\":\"https:\\\/\\\/schema.org\",\"@graph\":[{\"@type\":\"WebPage\",\"@id\":\"https:\\\/\\\/whalesanddolphins.tethys.org\\\/join-us\\\/what-is-citizen-science\\\/\",\"url\":\"https:\\\/\\\/whalesanddolphins.tethys.org\\\/join-us\\\/what-is-citizen-science\\\/\",\"name\":\"Citizen science cetacei per studiare balene e delfini\",\"isPartOf\":{\"@id\":\"https:\\\/\\\/whalesanddolphins.tethys.org\\\/#website\"},\"datePublished\":\"2016-05-19T09:06:18+00:00\",\"dateModified\":\"2021-05-06T11:09:59+00:00\",\"description\":\"Chiunque pu\u00f2 contribuire ad assicurare la sopravvivenza dei cetacei. E' un'esperienza eccezionale, in mare. Non occorre esperienza. citizen science cetacei\",\"breadcrumb\":{\"@id\":\"https:\\\/\\\/whalesanddolphins.tethys.org\\\/join-us\\\/what-is-citizen-science\\\/#breadcrumb\"},\"inLanguage\":\"it-IT\",\"potentialAction\":[{\"@type\":\"ReadAction\",\"target\":[\"https:\\\/\\\/whalesanddolphins.tethys.org\\\/join-us\\\/what-is-citizen-science\\\/\"]}]},{\"@type\":\"BreadcrumbList\",\"@id\":\"https:\\\/\\\/whalesanddolphins.tethys.org\\\/join-us\\\/what-is-citizen-science\\\/#breadcrumb\",\"itemListElement\":[{\"@type\":\"ListItem\",\"position\":1,\"name\":\"Home\",\"item\":\"https:\\\/\\\/whalesanddolphins.tethys.org\\\/it\\\/\"},{\"@type\":\"ListItem\",\"position\":2,\"name\":\"Partecipa\",\"item\":\"https:\\\/\\\/whalesanddolphins.tethys.org\\\/join-us\\\/\"},{\"@type\":\"ListItem\",\"position\":3,\"name\":\"Cos&#8217;\u00e8 la Citizen Science?\"}]},{\"@type\":\"WebSite\",\"@id\":\"https:\\\/\\\/whalesanddolphins.tethys.org\\\/#website\",\"url\":\"https:\\\/\\\/whalesanddolphins.tethys.org\\\/\",\"name\":\"Tethys Research Institute\",\"description\":\"The Tethys portal for participating to a whale and dolphins expedition\",\"potentialAction\":[{\"@type\":\"SearchAction\",\"target\":{\"@type\":\"EntryPoint\",\"urlTemplate\":\"https:\\\/\\\/whalesanddolphins.tethys.org\\\/?s={search_term_string}\"},\"query-input\":{\"@type\":\"PropertyValueSpecification\",\"valueRequired\":true,\"valueName\":\"search_term_string\"}}],\"inLanguage\":\"it-IT\"}]}<\/script>\n<!-- \/ Yoast SEO plugin. -->","yoast_head_json":{"title":"Citizen science cetacei per studiare balene e delfini","description":"Chiunque pu\u00f2 contribuire ad assicurare la sopravvivenza dei cetacei. E' un'esperienza eccezionale, in mare. Non occorre esperienza. citizen science cetacei","robots":{"index":"index","follow":"follow","max-snippet":"max-snippet:-1","max-image-preview":"max-image-preview:large","max-video-preview":"max-video-preview:-1"},"canonical":"https:\/\/whalesanddolphins.tethys.org\/join-us\/what-is-citizen-science\/","og_locale":"it_IT","og_type":"article","og_title":"Citizen science cetacei per studiare balene e delfini","og_description":"Chiunque pu\u00f2 contribuire ad assicurare la sopravvivenza dei cetacei. E' un'esperienza eccezionale, in mare. Non occorre esperienza. citizen science cetacei","og_url":"https:\/\/whalesanddolphins.tethys.org\/join-us\/what-is-citizen-science\/","og_site_name":"Tethys Research Institute","article_publisher":"https:\/\/www.facebook.com\/TethysResearchInstitute\/","article_modified_time":"2021-05-06T11:09:59+00:00","twitter_card":"summary_large_image","twitter_site":"@TethysResearch","twitter_misc":{"Tempo di lettura stimato":"4 minuti"},"schema":{"@context":"https:\/\/schema.org","@graph":[{"@type":"WebPage","@id":"https:\/\/whalesanddolphins.tethys.org\/join-us\/what-is-citizen-science\/","url":"https:\/\/whalesanddolphins.tethys.org\/join-us\/what-is-citizen-science\/","name":"Citizen science cetacei per studiare balene e delfini","isPartOf":{"@id":"https:\/\/whalesanddolphins.tethys.org\/#website"},"datePublished":"2016-05-19T09:06:18+00:00","dateModified":"2021-05-06T11:09:59+00:00","description":"Chiunque pu\u00f2 contribuire ad assicurare la sopravvivenza dei cetacei. E' un'esperienza eccezionale, in mare. Non occorre esperienza. citizen science cetacei","breadcrumb":{"@id":"https:\/\/whalesanddolphins.tethys.org\/join-us\/what-is-citizen-science\/#breadcrumb"},"inLanguage":"it-IT","potentialAction":[{"@type":"ReadAction","target":["https:\/\/whalesanddolphins.tethys.org\/join-us\/what-is-citizen-science\/"]}]},{"@type":"BreadcrumbList","@id":"https:\/\/whalesanddolphins.tethys.org\/join-us\/what-is-citizen-science\/#breadcrumb","itemListElement":[{"@type":"ListItem","position":1,"name":"Home","item":"https:\/\/whalesanddolphins.tethys.org\/it\/"},{"@type":"ListItem","position":2,"name":"Partecipa","item":"https:\/\/whalesanddolphins.tethys.org\/join-us\/"},{"@type":"ListItem","position":3,"name":"Cos&#8217;\u00e8 la Citizen Science?"}]},{"@type":"WebSite","@id":"https:\/\/whalesanddolphins.tethys.org\/#website","url":"https:\/\/whalesanddolphins.tethys.org\/","name":"Tethys Research Institute","description":"The Tethys portal for participating to a whale and dolphins expedition","potentialAction":[{"@type":"SearchAction","target":{"@type":"EntryPoint","urlTemplate":"https:\/\/whalesanddolphins.tethys.org\/?s={search_term_string}"},"query-input":{"@type":"PropertyValueSpecification","valueRequired":true,"valueName":"search_term_string"}}],"inLanguage":"it-IT"}]}},"_links":{"self":[{"href":"https:\/\/whalesanddolphins.tethys.org\/it\/wp-json\/wp\/v2\/pages\/14143","targetHints":{"allow":["GET"]}}],"collection":[{"href":"https:\/\/whalesanddolphins.tethys.org\/it\/wp-json\/wp\/v2\/pages"}],"about":[{"href":"https:\/\/whalesanddolphins.tethys.org\/it\/wp-json\/wp\/v2\/types\/page"}],"author":[{"embeddable":true,"href":"https:\/\/whalesanddolphins.tethys.org\/it\/wp-json\/wp\/v2\/users\/5"}],"replies":[{"embeddable":true,"href":"https:\/\/whalesanddolphins.tethys.org\/it\/wp-json\/wp\/v2\/comments?post=14143"}],"version-history":[{"count":0,"href":"https:\/\/whalesanddolphins.tethys.org\/it\/wp-json\/wp\/v2\/pages\/14143\/revisions"}],"up":[{"embeddable":true,"href":"https:\/\/whalesanddolphins.tethys.org\/it\/wp-json\/wp\/v2\/pages\/14135"}],"wp:attachment":[{"href":"https:\/\/whalesanddolphins.tethys.org\/it\/wp-json\/wp\/v2\/media?parent=14143"}],"curies":[{"name":"wp","href":"https:\/\/api.w.org\/{rel}","templated":true}]}}